{"id":2,"date":"2024-11-28T17:13:37","date_gmt":"2024-11-28T17:13:37","guid":{"rendered":"https:\/\/konungsgardur.vefir.net\/treoglist\/?page_id=2"},"modified":"2025-10-11T12:44:03","modified_gmt":"2025-10-11T12:44:03","slug":"sample-page","status":"publish","type":"page","link":"https:\/\/www.treoglist.is\/","title":{"rendered":""},"content":{"rendered":"\n<figure class=\"wp-block-image size-full is-resized\"><img loading=\"lazy\" decoding=\"async\" width=\"602\" height=\"213\" src=\"https:\/\/konungsgardur.vefir.net\/treoglist\/wp-content\/uploads\/2024\/11\/image_2024-11-28_180022774.png\" alt=\"\" class=\"wp-image-8\" style=\"width:350px\" srcset=\"https:\/\/www.treoglist.is\/wp-content\/uploads\/2024\/11\/image_2024-11-28_180022774.png 602w, https:\/\/www.treoglist.is\/wp-content\/uploads\/2024\/11\/image_2024-11-28_180022774-300x106.png 300w\" sizes=\"auto, (max-width: 602px) 100vw, 602px\" \/><\/figure>\n\n\n\n<p>Tr\u00e9 og list er sta\u00f0sett a\u00f0 Fors\u00e6ti \u00ed Fl\u00f3ahreppi. <a href=\"https:\/\/www.treoglist.is\/index.php\/english\/\" data-type=\"page\" data-id=\"10\">Click here for english.<\/a><\/p>\n\n\n\n<p>A\u00f0eins er opi\u00f0 eftir samkomulagi.<\/p>\n\n\n\n<p>Sendi\u00f0 okkur l\u00ednu me\u00f0 \u00fev\u00ed a\u00f0 <a href=\"https:\/\/www.treoglist.is\/mailto.php\" data-type=\"page\" data-id=\"24\">smella h\u00e9r.<\/a><\/p>\n\n\n\n<p><strong>Um Tr\u00e9 og list<\/strong><\/p>\n\n\n\n<p>Tr\u00e9 og list var opna\u00f0 19. \u00e1g\u00fast 2007. Hj\u00f3nin Berg\u00fe\u00f3ra og \u00d3lafur endurbygg\u00f0u gamalt fj\u00f3s \u00ed fr\u00edstundum s\u00ednum og t\u00f3k hugmyndavinna og sm\u00ed\u00f0i u.\u00fe.b. 4 \u00e1r. Tr\u00e9 og List er <a href=\"https:\/\/goo.gl\/maps\/52SzVt3ZPtDcKi8C9\">sta\u00f0sett <\/a>a\u00f0 Fors\u00e6ti \u00ed Fl\u00f3ahreppi. Beint \u00fear undir er \u00dej\u00f3rs\u00e1rhraun sem rann fyrir um 8700 \u00e1rum og er eitt mesta hraun sem runni\u00f0 hefur \u00e1 j\u00f6r\u00f0inni fr\u00e1 \u00fev\u00ed a\u00f0 \u00eds\u00f6ld lauk. Hrauni\u00f0 n\u00e6r fr\u00e1 Vei\u00f0iv\u00f6tnum fram \u00ed sj\u00f3 vi\u00f0 Eyrarbakka og Stokkseyri. \u00dej\u00f3rs\u00e1, lengsta \u00e1 \u00cdslands li\u00f0ast h\u00e9r um og 8 km. fyrir ofan er Urri\u00f0afoss, vatnsmesti foss landsins. \u00cd austri er hi\u00f0 tignarlega og fr\u00e6ga elfdjall Hekla, hluti af st\u00f3rkoslegum fjallahring sem n\u00e6r fr\u00e1 Vestmannaeyjum a\u00f0 Reykjanest\u00e1.<\/p>\n\n\n\n<p>Fr\u00e1 1922 hefur sama \u00e6ttin b\u00fai\u00f0 \u00ed Fors\u00e6ti en \u00fe\u00e1 h\u00f3fst saga handverks og uppfinninga sem stendur enn. H\u00e9r \u00ed safninu er var\u00f0veitt verkst\u00e6\u00f0i , v\u00e9lar og uppfinningar Sigurj\u00f3ns Kristj\u00e1nssonar Fors\u00e6ti f. 25 jan. 1908 d. 11.sept. 1990. Einnig er h\u00e9r vefna\u00f0ur og handverk konu hans Krist\u00ednar Ketilsd\u00f3ttur f. 6. \u00e1g. 1914 d. 3.febr.1985. Safni\u00f0 er helga\u00f0 minningu \u00feeirra hj\u00f3na.<\/p>\n\n\n\n<p><strong>Sigga \u00e1 Grund<\/strong><\/p>\n\n\n\n<figure class=\"wp-block-image size-full is-resized\"><img loading=\"lazy\" decoding=\"async\" width=\"900\" height=\"571\" src=\"https:\/\/konungsgardur.vefir.net\/treoglist\/wp-content\/uploads\/2024\/11\/image_2024-11-28_191447774.png\" alt=\"\" class=\"wp-image-49\" style=\"width:350px\" srcset=\"https:\/\/www.treoglist.is\/wp-content\/uploads\/2024\/11\/image_2024-11-28_191447774.png 900w, https:\/\/www.treoglist.is\/wp-content\/uploads\/2024\/11\/image_2024-11-28_191447774-300x190.png 300w, https:\/\/www.treoglist.is\/wp-content\/uploads\/2024\/11\/image_2024-11-28_191447774-768x487.png 768w\" sizes=\"auto, (max-width: 900px) 100vw, 900px\" \/><\/figure>\n\n\n\n<p>Sigr\u00ed\u00f0ur J\u00f3na Kristj\u00e1nsd\u00f3ttir er f\u00e6dd 30.ma\u00ed 1944. Listakonan Sigga \u00e1 Grund er \u00e1n efa einn fremsti listama\u00f0ur \u00fej\u00f3\u00f0arinnar \u00e1 svi\u00f0i tr\u00e9skur\u00f0arlistar. H\u00fan hefur unni\u00f0 a\u00f0 \u00fatskur\u00f0i eftir p\u00f6ntunum \u00ed tr\u00e9, bein og horn, allt fr\u00e1 12 \u00e1ra aldri. Sigga nam \u00fatskur\u00f0 \u00ed City &amp; guilds of London art school. M\u00e1 n\u00fa finna muni hennar v\u00edtt um heiminn og hefur h\u00fan ekki n\u00e1\u00f0 a\u00f0 anna eftirspurn \u00ed seinni t\u00ed\u00f0.<\/p>\n\n\n\n<p>\u00d3lafur og Sigga \u00e1 Grund hafa unni\u00f0 nokkra gripi saman. Nokkur af verkum Siggu \u00e1 Grund eru til s\u00fdnis \u00ed Tr\u00e9 og list.<\/p>\n\n\n\n<p><strong>\u00d3lafur Sigurj\u00f3nsson<\/strong><\/p>\n\n\n\n<figure class=\"wp-block-image size-full is-resized\"><img loading=\"lazy\" decoding=\"async\" width=\"1023\" height=\"767\" src=\"https:\/\/konungsgardur.vefir.net\/treoglist\/wp-content\/uploads\/2024\/11\/2006-flod-Selfoss-ofl-1.jpg\" alt=\"\" class=\"wp-image-48\" style=\"width:350px\" srcset=\"https:\/\/www.treoglist.is\/wp-content\/uploads\/2024\/11\/2006-flod-Selfoss-ofl-1.jpg 1023w, https:\/\/www.treoglist.is\/wp-content\/uploads\/2024\/11\/2006-flod-Selfoss-ofl-1-300x225.jpg 300w, https:\/\/www.treoglist.is\/wp-content\/uploads\/2024\/11\/2006-flod-Selfoss-ofl-1-768x576.jpg 768w\" sizes=\"auto, (max-width: 1023px) 100vw, 1023px\" \/><\/figure>\n\n\n\n<p>\u00d3lafur Sigurj\u00f3nsson er f\u00e6ddur 19.jan\u00faar 1945. \u00d3lafur er h\u00fasasm\u00ed\u00f0ameistari og s\u00f6ngstj\u00f3ri a\u00f0 mennt. Hann er hagleiksma\u00f0ur og margt til lista lagt eins og sj\u00e1 m\u00e1 h\u00e9r \u00ed listasmi\u00f0junni.<\/p>\n\n\n\n<p><strong>Berg\u00fe\u00f3ra Gu\u00f0bergsd\u00f3ttir<\/strong> <\/p>\n\n\n<div class=\"wp-block-image\">\n<figure class=\"alignleft size-large is-resized\"><img loading=\"lazy\" decoding=\"async\" width=\"683\" height=\"1024\" src=\"https:\/\/konungsgardur.vefir.net\/treoglist\/wp-content\/uploads\/2024\/11\/image_2024-11-28_191112505-683x1024.png\" alt=\"\" class=\"wp-image-47\" style=\"width:180px\" srcset=\"https:\/\/www.treoglist.is\/wp-content\/uploads\/2024\/11\/image_2024-11-28_191112505-683x1024.png 683w, https:\/\/www.treoglist.is\/wp-content\/uploads\/2024\/11\/image_2024-11-28_191112505-200x300.png 200w, https:\/\/www.treoglist.is\/wp-content\/uploads\/2024\/11\/image_2024-11-28_191112505-768x1151.png 768w, https:\/\/www.treoglist.is\/wp-content\/uploads\/2024\/11\/image_2024-11-28_191112505.png 1024w\" sizes=\"auto, (max-width: 683px) 100vw, 683px\" \/><\/figure>\n<\/div>\n\n\n<p>Berg\u00fe\u00f3ra Gu\u00f0bergsd\u00f3ttir f\u00e6ddist \u00ed Njar\u00f0v\u00edk 19. \u00e1g\u00fast 1946. H\u00fan l\u00e9st \u00e1 hj\u00fakrunarheimilinu \u00c1si \u00ed Hverager\u00f0i 18. mars 2024. H\u00fan \u00e1tti fyrstu hugmyndina a\u00f0 Tr\u00e9 og List. <\/p>\n\n\n\n<p><\/p>\n","protected":false},"excerpt":{"rendered":"<p>Tr\u00e9 og list er sta\u00f0sett a\u00f0 Fors\u00e6ti \u00ed Fl\u00f3ahreppi. Click here for english. A\u00f0eins er opi\u00f0 eftir samkomulagi. Sendi\u00f0 okkur l\u00ednu me\u00f0 \u00fev\u00ed a\u00f0 smella h\u00e9r. Um Tr\u00e9 og list Tr\u00e9 og list var opna\u00f0 19. \u00e1g\u00fast 2007. Hj\u00f3nin Berg\u00fe\u00f3ra og \u00d3lafur endurbygg\u00f0u gamalt fj\u00f3s \u00ed fr\u00edstundum s\u00ednum og t\u00f3k hugmyndavinna og sm\u00ed\u00f0i u.\u00fe.b. 4 &#8230; <a title=\"\" class=\"read-more\" href=\"https:\/\/www.treoglist.is\/\" aria-label=\"Read more about \">Read more<\/a><\/p>\n","protected":false},"author":1,"featured_media":0,"parent":0,"menu_order":0,"comment_status":"closed","ping_status":"closed","template":"","meta":{"footnotes":""},"class_list":["post-2","page","type-page","status-publish"],"_links":{"self":[{"href":"https:\/\/www.treoglist.is\/index.php\/wp-json\/wp\/v2\/pages\/2","targetHints":{"allow":["GET"]}}],"collection":[{"href":"https:\/\/www.treoglist.is\/index.php\/wp-json\/wp\/v2\/pages"}],"about":[{"href":"https:\/\/www.treoglist.is\/index.php\/wp-json\/wp\/v2\/types\/page"}],"author":[{"embeddable":true,"href":"https:\/\/www.treoglist.is\/index.php\/wp-json\/wp\/v2\/users\/1"}],"replies":[{"embeddable":true,"href":"https:\/\/www.treoglist.is\/index.php\/wp-json\/wp\/v2\/comments?post=2"}],"version-history":[{"count":17,"href":"https:\/\/www.treoglist.is\/index.php\/wp-json\/wp\/v2\/pages\/2\/revisions"}],"predecessor-version":[{"id":62,"href":"https:\/\/www.treoglist.is\/index.php\/wp-json\/wp\/v2\/pages\/2\/revisions\/62"}],"wp:attachment":[{"href":"https:\/\/www.treoglist.is\/index.php\/wp-json\/wp\/v2\/media?parent=2"}],"curies":[{"name":"wp","href":"https:\/\/api.w.org\/{rel}","templated":true}]}}